{"id":33,"date":"2023-07-05T12:24:40","date_gmt":"2023-07-05T10:24:40","guid":{"rendered":"https:\/\/farmer-avenue.com\/?page_id=33"},"modified":"2025-01-13T19:30:31","modified_gmt":"2025-01-13T18:30:31","slug":"transport-et-manutention","status":"publish","type":"page","link":"https:\/\/farmer-avenue.com\/?page_id=33","title":{"rendered":"TRANSPORT ET MANUTENTION"},"content":{"rendered":"\t\t<div data-elementor-type=\"wp-page\" data-elementor-id=\"33\" class=\"elementor elementor-33\">\n\t\t\t\t\t\t<section class=\"elementor-section elementor-top-section elementor-element elementor-element-ff1b222 elementor-section-boxed elementor-section-height-default elementor-section-height-default\" data-id=\"ff1b222\" data-element_type=\"section\">\n\t\t\t\t\t\t<div class=\"elementor-container elementor-column-gap-default\">\n\t\t\t\t\t<div class=\"elementor-column elementor-col-100 elementor-top-column elementor-element elementor-element-0c578bd\" data-id=\"0c578bd\" data-element_type=\"column\">\n\t\t\t<div class=\"elementor-widget-wrap elementor-element-populated\">\n\t\t\t\t\t\t<div class=\"elementor-element elementor-element-5119a13 elementor-widget elementor-widget-spacer\" data-id=\"5119a13\" data-element_type=\"widget\" data-widget_type=\"spacer.default\">\n\t\t\t\t<div class=\"elementor-widget-container\">\n\t\t\t<style>\/*! elementor - v3.23.0 - 05-08-2024 *\/\n.elementor-column .elementor-spacer-inner{height:var(--spacer-size)}.e-con{--container-widget-width:100%}.e-con-inner>.elementor-widget-spacer,.e-con>.elementor-widget-spacer{width:var(--container-widget-width,var(--spacer-size));--align-self:var(--container-widget-align-self,initial);--flex-shrink:0}.e-con-inner>.elementor-widget-spacer>.elementor-widget-container,.e-con>.elementor-widget-spacer>.elementor-widget-container{height:100%;width:100%}.e-con-inner>.elementor-widget-spacer>.elementor-widget-container>.elementor-spacer,.e-con>.elementor-widget-spacer>.elementor-widget-container>.elementor-spacer{height:100%}.e-con-inner>.elementor-widget-spacer>.elementor-widget-container>.elementor-spacer>.elementor-spacer-inner,.e-con>.elementor-widget-spacer>.elementor-widget-container>.elementor-spacer>.elementor-spacer-inner{height:var(--container-widget-height,var(--spacer-size))}.e-con-inner>.elementor-widget-spacer.elementor-widget-empty,.e-con>.elementor-widget-spacer.elementor-widget-empty{position:relative;min-height:22px;min-width:22px}.e-con-inner>.elementor-widget-spacer.elementor-widget-empty .elementor-widget-empty-icon,.e-con>.elementor-widget-spacer.elementor-widget-empty .elementor-widget-empty-icon{position:absolute;top:0;bottom:0;left:0;right:0;margin:auto;padding:0;width:22px;height:22px}<\/style>\t\t<div class=\"elementor-spacer\">\n\t\t\t<div class=\"elementor-spacer-inner\"><\/div>\n\t\t<\/div>\n\t\t\t\t<\/div>\n\t\t\t\t<\/div>\n\t\t\t\t\t<\/div>\n\t\t<\/div>\n\t\t\t\t\t<\/div>\n\t\t<\/section>\n\t\t\t\t<section class=\"elementor-section elementor-top-section elementor-element elementor-element-2f4bf02 elementor-section-boxed elementor-section-height-default elementor-section-height-default\" data-id=\"2f4bf02\" data-element_type=\"section\">\n\t\t\t\t\t\t<div class=\"elementor-container elementor-column-gap-default\">\n\t\t\t\t\t<div class=\"elementor-column elementor-col-100 elementor-top-column elementor-element elementor-element-3f19653\" data-id=\"3f19653\" data-element_type=\"column\">\n\t\t\t<div class=\"elementor-widget-wrap elementor-element-populated\">\n\t\t\t\t\t\t<div class=\"elementor-element elementor-element-ff780d0 elementor-widget elementor-widget-heading\" data-id=\"ff780d0\" data-element_type=\"widget\" data-widget_type=\"heading.default\">\n\t\t\t\t<div class=\"elementor-widget-container\">\n\t\t\t<style>\/*! elementor - v3.23.0 - 05-08-2024 *\/\n.elementor-heading-title{padding:0;margin:0;line-height:1}.elementor-widget-heading .elementor-heading-title[class*=elementor-size-]>a{color:inherit;font-size:inherit;line-height:inherit}.elementor-widget-heading .elementor-heading-title.elementor-size-small{font-size:15px}.elementor-widget-heading .elementor-heading-title.elementor-size-medium{font-size:19px}.elementor-widget-heading .elementor-heading-title.elementor-size-large{font-size:29px}.elementor-widget-heading .elementor-heading-title.elementor-size-xl{font-size:39px}.elementor-widget-heading .elementor-heading-title.elementor-size-xxl{font-size:59px}<\/style><h2 class=\"elementor-heading-title elementor-size-default\">TRANSPORT, MANUTENTION & STOCKAGE<\/h2>\t\t<\/div>\n\t\t\t\t<\/div>\n\t\t\t\t\t<\/div>\n\t\t<\/div>\n\t\t\t\t\t<\/div>\n\t\t<\/section>\n\t\t\t\t<section class=\"elementor-section elementor-top-section elementor-element elementor-element-b9fc633 elementor-section-boxed elementor-section-height-default elementor-section-height-default\" data-id=\"b9fc633\" data-element_type=\"section\">\n\t\t\t\t\t\t<div class=\"elementor-container elementor-column-gap-default\">\n\t\t\t\t\t<div class=\"elementor-column elementor-col-100 elementor-top-column elementor-element elementor-element-0546e78\" data-id=\"0546e78\" data-element_type=\"column\">\n\t\t\t<div class=\"elementor-widget-wrap elementor-element-populated\">\n\t\t\t\t\t\t<div class=\"elementor-element elementor-element-1ecda00 elementor-widget elementor-widget-spacer\" data-id=\"1ecda00\" data-element_type=\"widget\" data-widget_type=\"spacer.default\">\n\t\t\t\t<div class=\"elementor-widget-container\">\n\t\t\t\t\t<div class=\"elementor-spacer\">\n\t\t\t<div class=\"elementor-spacer-inner\"><\/div>\n\t\t<\/div>\n\t\t\t\t<\/div>\n\t\t\t\t<\/div>\n\t\t\t\t\t<\/div>\n\t\t<\/div>\n\t\t\t\t\t<\/div>\n\t\t<\/section>\n\t\t\t\t<section class=\"elementor-section elementor-top-section elementor-element elementor-element-410be7e elementor-section-boxed elementor-section-height-default elementor-section-height-default\" data-id=\"410be7e\" data-element_type=\"section\">\n\t\t\t\t\t\t<div class=\"elementor-container elementor-column-gap-default\">\n\t\t\t\t\t<div class=\"elementor-column elementor-col-100 elementor-top-column elementor-element elementor-element-2b269f6\" data-id=\"2b269f6\" data-element_type=\"column\">\n\t\t\t<div class=\"elementor-widget-wrap elementor-element-populated\">\n\t\t\t\t\t\t<div class=\"elementor-element elementor-element-fc12b12 elementor-widget elementor-widget-spacer\" data-id=\"fc12b12\" data-element_type=\"widget\" data-widget_type=\"spacer.default\">\n\t\t\t\t<div class=\"elementor-widget-container\">\n\t\t\t\t\t<div class=\"elementor-spacer\">\n\t\t\t<div class=\"elementor-spacer-inner\"><\/div>\n\t\t<\/div>\n\t\t\t\t<\/div>\n\t\t\t\t<\/div>\n\t\t\t\t<div class=\"elementor-element elementor-element-cd9a54a elementor-widget elementor-widget-heading\" data-id=\"cd9a54a\" data-element_type=\"widget\" data-widget_type=\"heading.default\">\n\t\t\t\t<div class=\"elementor-widget-container\">\n\t\t\t<h2 class=\"elementor-heading-title elementor-size-default\"><font face=\"Roboto, sans-serif\"><span style=\"font-size: 28px; white-space: normal;\">TRANSPORT, MANUTENTION &amp; STOCKAGE<\/span><\/font><\/h2>\t\t<\/div>\n\t\t\t\t<\/div>\n\t\t\t\t<div class=\"elementor-element elementor-element-e808841 elementor-widget elementor-widget-text-editor\" data-id=\"e808841\" data-element_type=\"widget\" data-widget_type=\"text-editor.default\">\n\t\t\t\t<div class=\"elementor-widget-container\">\n\t\t\t<style>\/*! elementor - v3.23.0 - 05-08-2024 *\/\n.elementor-widget-text-editor.elementor-drop-cap-view-stacked .elementor-drop-cap{background-color:#69727d;color:#fff}.elementor-widget-text-editor.elementor-drop-cap-view-framed .elementor-drop-cap{color:#69727d;border:3px solid;background-color:transparent}.elementor-widget-text-editor:not(.elementor-drop-cap-view-default) .elementor-drop-cap{margin-top:8px}.elementor-widget-text-editor:not(.elementor-drop-cap-view-default) .elementor-drop-cap-letter{width:1em;height:1em}.elementor-widget-text-editor .elementor-drop-cap{float:left;text-align:center;line-height:1;font-size:50px}.elementor-widget-text-editor .elementor-drop-cap-letter{display:inline-block}<\/style>\t\t\t\t<p>Chez <strong>Farmer Avenue<\/strong>, nous mettons \u00e0 votre disposition une gamme compl\u00e8te d\u2019\u00e9quipements d\u00e9di\u00e9s au transport, \u00e0 la manutention et au stockage, con\u00e7us pour faciliter et s\u00e9curiser vos op\u00e9rations agricoles. D\u00e9couvrez nos solutions fiables et robustes, adapt\u00e9es \u00e0 vos besoins sp\u00e9cifiques.<br \/><br \/><strong>Remorques sp\u00e9ciales<br \/><\/strong>Nos remorques sp\u00e9ciales sont con\u00e7ues pour r\u00e9pondre aux exigences uniques du milieu agricole. Qu\u2019il s\u2019agisse de transporter des charges lourdes, des produits r\u00e9colt\u00e9s ou du mat\u00e9riel sp\u00e9cifique, elles offrent une capacit\u00e9 optimis\u00e9e et une maniabilit\u00e9 exceptionnelle. Leur robustesse garantit une utilisation prolong\u00e9e, m\u00eame dans des conditions difficiles.<br \/><br \/><strong>Sauterelles et convoyeurs<br \/><\/strong>Les sauterelles et convoyeurs simplifient le d\u00e9placement des r\u00e9coltes ou mat\u00e9riaux en vrac. Pratiques et performants, ces \u00e9quipements permettent un transfert rapide et efficace, tout en r\u00e9duisant la p\u00e9nibilit\u00e9 des t\u00e2ches. Id\u00e9al pour charger, d\u00e9charger ou alimenter des machines, ils sont un atout pr\u00e9cieux pour gagner du temps et am\u00e9liorer la productivit\u00e9.<br \/><br \/><strong>Silos, tr\u00e9mies et containers<br \/><\/strong>Pour le stockage s\u00e9curis\u00e9 et durable de vos r\u00e9coltes ou intrants agricoles, nos silos, tr\u00e9mies et containers offrent une solution fiable. Con\u00e7us pour pr\u00e9server la qualit\u00e9 des produits stock\u00e9s, ils sont disponibles dans diff\u00e9rentes capacit\u00e9s et configurations, s\u2019adaptant \u00e0 vos besoins en mati\u00e8re de stockage temporaire ou prolong\u00e9.<\/p>\t\t\t\t\t\t<\/div>\n\t\t\t\t<\/div>\n\t\t\t\t\t<\/div>\n\t\t<\/div>\n\t\t\t\t\t<\/div>\n\t\t<\/section>\n\t\t\t\t<\/div>\n\t\t","protected":false},"excerpt":{"rendered":"<p>TRANSPORT, MANUTENTION &#038; STOCKAGE TRANSPORT, MANUTENTION &amp; STOCKAGE Chez Farmer Avenue, nous mettons \u00e0 votre disposition une gamme compl\u00e8te d\u2019\u00e9quipements d\u00e9di\u00e9s au transport, \u00e0 la manutention et au stockage, con\u00e7us pour faciliter et s\u00e9curiser vos op\u00e9rations agricoles. D\u00e9couvrez nos solutions fiables et robustes, adapt\u00e9es \u00e0 vos besoins sp\u00e9cifiques. Remorques sp\u00e9cialesNos remorques sp\u00e9ciales sont con\u00e7ues pour&hellip;&nbsp;<a href=\"https:\/\/farmer-avenue.com\/?page_id=33\" class=\"\" rel=\"bookmark\">Read More &raquo;<span class=\"screen-reader-text\">TRANSPORT ET MANUTENTION<\/span><\/a><\/p>\n","protected":false},"author":1,"featured_media":0,"parent":0,"menu_order":0,"comment_status":"closed","ping_status":"closed","template":"page-templates\/template-pagebuilder-full-width.php","meta":{"neve_meta_sidebar":"","neve_meta_container":"","neve_meta_enable_content_width":"","neve_meta_content_width":0,"neve_meta_title_alignment":"","neve_meta_author_avatar":"","neve_post_elements_order":"","neve_meta_disable_header":"","neve_meta_disable_footer":"","neve_meta_disable_title":""},"_links":{"self":[{"href":"https:\/\/farmer-avenue.com\/index.php?rest_route=\/wp\/v2\/pages\/33"}],"collection":[{"href":"https:\/\/farmer-avenue.com\/index.php?rest_route=\/wp\/v2\/pages"}],"about":[{"href":"https:\/\/farmer-avenue.com\/index.php?rest_route=\/wp\/v2\/types\/page"}],"author":[{"embeddable":true,"href":"https:\/\/farmer-avenue.com\/index.php?rest_route=\/wp\/v2\/users\/1"}],"replies":[{"embeddable":true,"href":"https:\/\/farmer-avenue.com\/index.php?rest_route=%2Fwp%2Fv2%2Fcomments&post=33"}],"version-history":[{"count":13,"href":"https:\/\/farmer-avenue.com\/index.php?rest_route=\/wp\/v2\/pages\/33\/revisions"}],"predecessor-version":[{"id":364,"href":"https:\/\/farmer-avenue.com\/index.php?rest_route=\/wp\/v2\/pages\/33\/revisions\/364"}],"wp:attachment":[{"href":"https:\/\/farmer-avenue.com\/index.php?rest_route=%2Fwp%2Fv2%2Fmedia&parent=33"}],"curies":[{"name":"wp","href":"https:\/\/api.w.org\/{rel}","templated":true}]}}