{"id":29,"date":"2023-07-05T12:23:52","date_gmt":"2023-07-05T10:23:52","guid":{"rendered":"https:\/\/farmer-avenue.com\/?page_id=29"},"modified":"2025-01-13T19:32:04","modified_gmt":"2025-01-13T18:32:04","slug":"materiel-agricole","status":"publish","type":"page","link":"https:\/\/farmer-avenue.com\/?page_id=29","title":{"rendered":"MAT\u00c9RIEL AGRICOLE"},"content":{"rendered":"\t\t<div data-elementor-type=\"wp-page\" data-elementor-id=\"29\" class=\"elementor elementor-29\">\n\t\t\t\t\t\t<section class=\"elementor-section elementor-top-section elementor-element elementor-element-1b91b12 elementor-section-boxed elementor-section-height-default elementor-section-height-default\" data-id=\"1b91b12\" data-element_type=\"section\">\n\t\t\t\t\t\t<div class=\"elementor-container elementor-column-gap-default\">\n\t\t\t\t\t<div class=\"elementor-column elementor-col-100 elementor-top-column elementor-element elementor-element-3d694d7\" data-id=\"3d694d7\" data-element_type=\"column\">\n\t\t\t<div class=\"elementor-widget-wrap elementor-element-populated\">\n\t\t\t\t\t\t<div class=\"elementor-element elementor-element-3f9e321 elementor-widget elementor-widget-spacer\" data-id=\"3f9e321\" data-element_type=\"widget\" data-widget_type=\"spacer.default\">\n\t\t\t\t<div class=\"elementor-widget-container\">\n\t\t\t<style>\/*! elementor - v3.23.0 - 05-08-2024 *\/\n.elementor-column .elementor-spacer-inner{height:var(--spacer-size)}.e-con{--container-widget-width:100%}.e-con-inner>.elementor-widget-spacer,.e-con>.elementor-widget-spacer{width:var(--container-widget-width,var(--spacer-size));--align-self:var(--container-widget-align-self,initial);--flex-shrink:0}.e-con-inner>.elementor-widget-spacer>.elementor-widget-container,.e-con>.elementor-widget-spacer>.elementor-widget-container{height:100%;width:100%}.e-con-inner>.elementor-widget-spacer>.elementor-widget-container>.elementor-spacer,.e-con>.elementor-widget-spacer>.elementor-widget-container>.elementor-spacer{height:100%}.e-con-inner>.elementor-widget-spacer>.elementor-widget-container>.elementor-spacer>.elementor-spacer-inner,.e-con>.elementor-widget-spacer>.elementor-widget-container>.elementor-spacer>.elementor-spacer-inner{height:var(--container-widget-height,var(--spacer-size))}.e-con-inner>.elementor-widget-spacer.elementor-widget-empty,.e-con>.elementor-widget-spacer.elementor-widget-empty{position:relative;min-height:22px;min-width:22px}.e-con-inner>.elementor-widget-spacer.elementor-widget-empty .elementor-widget-empty-icon,.e-con>.elementor-widget-spacer.elementor-widget-empty .elementor-widget-empty-icon{position:absolute;top:0;bottom:0;left:0;right:0;margin:auto;padding:0;width:22px;height:22px}<\/style>\t\t<div class=\"elementor-spacer\">\n\t\t\t<div class=\"elementor-spacer-inner\"><\/div>\n\t\t<\/div>\n\t\t\t\t<\/div>\n\t\t\t\t<\/div>\n\t\t\t\t<div class=\"elementor-element elementor-element-eb5ce03 elementor-widget elementor-widget-heading\" data-id=\"eb5ce03\" data-element_type=\"widget\" data-widget_type=\"heading.default\">\n\t\t\t\t<div class=\"elementor-widget-container\">\n\t\t\t<style>\/*! elementor - v3.23.0 - 05-08-2024 *\/\n.elementor-heading-title{padding:0;margin:0;line-height:1}.elementor-widget-heading .elementor-heading-title[class*=elementor-size-]>a{color:inherit;font-size:inherit;line-height:inherit}.elementor-widget-heading .elementor-heading-title.elementor-size-small{font-size:15px}.elementor-widget-heading .elementor-heading-title.elementor-size-medium{font-size:19px}.elementor-widget-heading .elementor-heading-title.elementor-size-large{font-size:29px}.elementor-widget-heading .elementor-heading-title.elementor-size-xl{font-size:39px}.elementor-widget-heading .elementor-heading-title.elementor-size-xxl{font-size:59px}<\/style><h2 class=\"elementor-heading-title elementor-size-default\">MAT\u00c9RIEL AGRICOLE<\/h2>\t\t<\/div>\n\t\t\t\t<\/div>\n\t\t\t\t\t<\/div>\n\t\t<\/div>\n\t\t\t\t\t<\/div>\n\t\t<\/section>\n\t\t\t\t<section class=\"elementor-section elementor-top-section elementor-element elementor-element-173b725 elementor-section-boxed elementor-section-height-default elementor-section-height-default\" data-id=\"173b725\" data-element_type=\"section\">\n\t\t\t\t\t\t<div class=\"elementor-container elementor-column-gap-default\">\n\t\t\t\t\t<div class=\"elementor-column elementor-col-100 elementor-top-column elementor-element elementor-element-7687ce8\" data-id=\"7687ce8\" data-element_type=\"column\">\n\t\t\t<div class=\"elementor-widget-wrap elementor-element-populated\">\n\t\t\t\t\t\t<div class=\"elementor-element elementor-element-190a041 elementor-widget elementor-widget-spacer\" data-id=\"190a041\" data-element_type=\"widget\" data-widget_type=\"spacer.default\">\n\t\t\t\t<div class=\"elementor-widget-container\">\n\t\t\t\t\t<div class=\"elementor-spacer\">\n\t\t\t<div class=\"elementor-spacer-inner\"><\/div>\n\t\t<\/div>\n\t\t\t\t<\/div>\n\t\t\t\t<\/div>\n\t\t\t\t\t<\/div>\n\t\t<\/div>\n\t\t\t\t\t<\/div>\n\t\t<\/section>\n\t\t\t\t<section class=\"elementor-section elementor-top-section elementor-element elementor-element-dddb6b4 elementor-section-boxed elementor-section-height-default elementor-section-height-default\" data-id=\"dddb6b4\" data-element_type=\"section\">\n\t\t\t\t\t\t<div class=\"elementor-container elementor-column-gap-default\">\n\t\t\t\t\t<div class=\"elementor-column elementor-col-100 elementor-top-column elementor-element elementor-element-579f93c\" data-id=\"579f93c\" data-element_type=\"column\">\n\t\t\t<div class=\"elementor-widget-wrap elementor-element-populated\">\n\t\t\t\t\t\t<div class=\"elementor-element elementor-element-e858bc6 elementor-widget elementor-widget-spacer\" data-id=\"e858bc6\" data-element_type=\"widget\" data-widget_type=\"spacer.default\">\n\t\t\t\t<div class=\"elementor-widget-container\">\n\t\t\t\t\t<div class=\"elementor-spacer\">\n\t\t\t<div class=\"elementor-spacer-inner\"><\/div>\n\t\t<\/div>\n\t\t\t\t<\/div>\n\t\t\t\t<\/div>\n\t\t\t\t<div class=\"elementor-element elementor-element-7276e4c elementor-widget elementor-widget-heading\" data-id=\"7276e4c\" data-element_type=\"widget\" data-widget_type=\"heading.default\">\n\t\t\t\t<div class=\"elementor-widget-container\">\n\t\t\t<h2 class=\"elementor-heading-title elementor-size-default\"><span style=\"margin: 0px 0px 30px; padding: 0px; font-size: var(--h3fontsize); font-weight: var(--h3fontweight); font-family: Roboto, sans-serif; line-height: var(--h3lineheight); white-space: normal;\">Nos Outils Agricoles pour le Sol<\/span><\/h2>\t\t<\/div>\n\t\t\t\t<\/div>\n\t\t\t\t<div class=\"elementor-element elementor-element-c38770a elementor-widget elementor-widget-text-editor\" data-id=\"c38770a\" data-element_type=\"widget\" data-widget_type=\"text-editor.default\">\n\t\t\t\t<div class=\"elementor-widget-container\">\n\t\t\t<style>\/*! elementor - v3.23.0 - 05-08-2024 *\/\n.elementor-widget-text-editor.elementor-drop-cap-view-stacked .elementor-drop-cap{background-color:#69727d;color:#fff}.elementor-widget-text-editor.elementor-drop-cap-view-framed .elementor-drop-cap{color:#69727d;border:3px solid;background-color:transparent}.elementor-widget-text-editor:not(.elementor-drop-cap-view-default) .elementor-drop-cap{margin-top:8px}.elementor-widget-text-editor:not(.elementor-drop-cap-view-default) .elementor-drop-cap-letter{width:1em;height:1em}.elementor-widget-text-editor .elementor-drop-cap{float:left;text-align:center;line-height:1;font-size:50px}.elementor-widget-text-editor .elementor-drop-cap-letter{display:inline-block}<\/style>\t\t\t\t<p>Chez <strong>Farmer Avenue<\/strong>, nous vous proposons une gamme compl\u00e8te d&#8217;outils agricoles sp\u00e9cialement con\u00e7us pour optimiser vos travaux au champ. Chaque cat\u00e9gorie r\u00e9pond aux besoins sp\u00e9cifiques des agriculteurs pour une gestion efficace et durable des sols.<\/p><p><strong>Outils frontaux<br \/><\/strong>Les outils frontaux sont essentiels pour maximiser la polyvalence de vos tracteurs. Fix\u00e9s \u00e0 l\u2019avant, ils permettent de combiner plusieurs t\u00e2ches en un seul passage, am\u00e9liorant ainsi la productivit\u00e9. Que ce soit pour le nivellement, le d\u00e9sherbage ou le travail du sol l\u00e9ger, nos outils frontaux offrent robustesse et pr\u00e9cision.<\/p><p><strong>Outils de plombage<br \/><\/strong>Garantissant un lit de semence uniforme, les outils de plombage assurent un compactage contr\u00f4l\u00e9 du sol pour pr\u00e9server l&#8217;humidit\u00e9 et favoriser une germination homog\u00e8ne. Id\u00e9al pour une pr\u00e9paration avant semis, ce type d&#8217;outil contribue \u00e9galement \u00e0 limiter les pertes d&#8217;eau et \u00e0 r\u00e9duire l\u2019\u00e9rosion.<\/p><p><strong>Vibroculteurs et pr\u00e9parateurs<br \/><\/strong>Nos pr\u00e9parateurs sont con\u00e7us pour pr\u00e9parer efficacement vos sols avant semis. Gr\u00e2ce \u00e0 leurs dents et leurs disques, ils d\u00e9compactent, m\u00e9langent les r\u00e9sidus et \u00e9miettent le sol pour un lit de semence parfait. Performants sur tous types de terrains, ils s\u2019adaptent \u00e0 vos besoins pour un rendement optimal.<\/p><p><strong>D\u00e9chaumeurs et scalpeurs<br \/><\/strong>Les d\u00e9chaumeurs et scalpeurs sont parfaits pour les travaux de surface, qu&#8217;il s&#8217;agisse de d\u00e9chaumage apr\u00e8s r\u00e9colte ou de pr\u00e9paration des parcelles. Leur action rapide et efficace permet de limiter la repousse des adventices, tout en favorisant une bonne incorporation des r\u00e9sidus dans le sol.<\/p>\t\t\t\t\t\t<\/div>\n\t\t\t\t<\/div>\n\t\t\t\t\t<\/div>\n\t\t<\/div>\n\t\t\t\t\t<\/div>\n\t\t<\/section>\n\t\t\t\t<\/div>\n\t\t","protected":false},"excerpt":{"rendered":"<p>MAT\u00c9RIEL AGRICOLE Nos Outils Agricoles pour le Sol Chez Farmer Avenue, nous vous proposons une gamme compl\u00e8te d&#8217;outils agricoles sp\u00e9cialement con\u00e7us pour optimiser vos travaux au champ. Chaque cat\u00e9gorie r\u00e9pond aux besoins sp\u00e9cifiques des agriculteurs pour une gestion efficace et durable des sols. Outils frontauxLes outils frontaux sont essentiels pour maximiser la polyvalence de vos&hellip;&nbsp;<a href=\"https:\/\/farmer-avenue.com\/?page_id=29\" class=\"\" rel=\"bookmark\">Read More &raquo;<span class=\"screen-reader-text\">MAT\u00c9RIEL AGRICOLE<\/span><\/a><\/p>\n","protected":false},"author":1,"featured_media":0,"parent":0,"menu_order":0,"comment_status":"closed","ping_status":"closed","template":"page-templates\/template-pagebuilder-full-width.php","meta":{"neve_meta_sidebar":"","neve_meta_container":"","neve_meta_enable_content_width":"","neve_meta_content_width":0,"neve_meta_title_alignment":"","neve_meta_author_avatar":"","neve_post_elements_order":"","neve_meta_disable_header":"","neve_meta_disable_footer":"","neve_meta_disable_title":""},"_links":{"self":[{"href":"https:\/\/farmer-avenue.com\/index.php?rest_route=\/wp\/v2\/pages\/29"}],"collection":[{"href":"https:\/\/farmer-avenue.com\/index.php?rest_route=\/wp\/v2\/pages"}],"about":[{"href":"https:\/\/farmer-avenue.com\/index.php?rest_route=\/wp\/v2\/types\/page"}],"author":[{"embeddable":true,"href":"https:\/\/farmer-avenue.com\/index.php?rest_route=\/wp\/v2\/users\/1"}],"replies":[{"embeddable":true,"href":"https:\/\/farmer-avenue.com\/index.php?rest_route=%2Fwp%2Fv2%2Fcomments&post=29"}],"version-history":[{"count":20,"href":"https:\/\/farmer-avenue.com\/index.php?rest_route=\/wp\/v2\/pages\/29\/revisions"}],"predecessor-version":[{"id":367,"href":"https:\/\/farmer-avenue.com\/index.php?rest_route=\/wp\/v2\/pages\/29\/revisions\/367"}],"wp:attachment":[{"href":"https:\/\/farmer-avenue.com\/index.php?rest_route=%2Fwp%2Fv2%2Fmedia&parent=29"}],"curies":[{"name":"wp","href":"https:\/\/api.w.org\/{rel}","templated":true}]}}